{"id":78,"date":"2019-10-25T13:01:22","date_gmt":"2019-10-25T13:01:22","guid":{"rendered":"https:\/\/fahrzeugberatung.online\/?page_id=78"},"modified":"2020-01-14T23:09:09","modified_gmt":"2020-01-14T23:09:09","slug":"playground","status":"publish","type":"page","link":"https:\/\/fahrzeugberatung.online\/","title":{"rendered":"Playground"},"content":{"rendered":"<p>[et_pb_section fb_built=&#8221;1&#8243; fullwidth=&#8221;on&#8221; next_background_color=&#8221;#ffffff&#8221; _builder_version=&#8221;4.0.3&#8243; background_enable_color=&#8221;off&#8221; use_background_color_gradient=&#8221;on&#8221; background_color_gradient_start=&#8221;#260059&#8243; background_color_gradient_end=&#8221;#196b9e&#8221; background_color_gradient_type=&#8221;radial&#8221; background_color_gradient_direction_radial=&#8221;bottom left&#8221; background_color_gradient_overlays_image=&#8221;on&#8221; background_image=&#8221;https:\/\/fahrzeugberatung.online\/wp-content\/uploads\/2019\/10\/jesse-collins-lrmo2hlFYE4-unsplash.jpg&#8221; background_blend=&#8221;lighten&#8221; bottom_divider_style=&#8221;asymmetric4&#8243; bottom_divider_height=&#8221;258px&#8221; bottom_divider_flip=&#8221;horizontal&#8221;][et_pb_fullwidth_header text_orientation=&#8221;center&#8221; background_overlay_color=&#8221;rgba(0,0,0,0)&#8221; logo_image_url=&#8221;https:\/\/fahrzeugberatung.online\/wp-content\/uploads\/2019\/10\/FBO_Logo_primary_dark.svg&#8221; disabled_on=&#8221;off|off|off&#8221; _builder_version=&#8221;4.0.3&#8243; title_font=&#8221;Teko|700|||||||&#8221; title_text_color=&#8221;#ffffff&#8221; title_font_size=&#8221;37px&#8221; title_line_height=&#8221;1.25em&#8221; content_font=&#8221;Teko||||||||&#8221; content_font_size=&#8221;20px&#8221; subhead_font=&#8221;Teko|300|||||||&#8221; subhead_font_size=&#8221;30px&#8221; subhead_line_height=&#8221;1.7em&#8221; background_enable_color=&#8221;off&#8221; background_image=&#8221;https:\/\/fahrzeugberatung.online\/wp-content\/uploads\/2019\/10\/jesse-collins-lrmo2hlFYE4-unsplash.jpg&#8221; background_position=&#8221;bottom_right&#8221; custom_button_one=&#8221;on&#8221; button_one_text_size=&#8221;16px&#8221; button_one_bg_color=&#8221;#c10f1b&#8221; button_one_border_width=&#8221;8px&#8221; button_one_border_color=&#8221;#c10f1b&#8221; button_one_border_radius=&#8221;0px&#8221; button_one_letter_spacing=&#8221;4px&#8221; button_one_font=&#8221;Teko|700||on|||||&#8221; button_one_icon=&#8221;%%3%%&#8221; custom_button_two=&#8221;on&#8221; button_two_text_size=&#8221;16px&#8221; button_two_text_color=&#8221;#d51a27&#8243; button_two_bg_color=&#8221;#ffffff&#8221; button_two_border_width=&#8221;8px&#8221; button_two_border_color=&#8221;#ffffff&#8221; button_two_border_radius=&#8221;0px&#8221; button_two_letter_spacing=&#8221;4px&#8221; button_two_font=&#8221;Teko|700||on|||||&#8221; button_two_icon=&#8221;%%3%%&#8221; custom_padding=&#8221;15vh||15vh||true|false&#8221; border_radii_image=&#8221;on|10px|10px|10px|10px&#8221; inline_fonts=&#8221;ABeeZee,Bowlby One,Metamorphous,Teko&#8221; button_two_bg_color__hover_enabled=&#8221;off&#8221; button_two_bg_enable_color__hover=&#8221;on&#8221; button_two_text_color__hover_enabled=&#8221;off&#8221; button_two_border_color__hover_enabled=&#8221;off&#8221; button_two_icon_color__hover_enabled=&#8221;on|hover&#8221; button_two_icon_color__hover=&#8221;#260059&#8243; button_one_text_color__hover_enabled=&#8221;off&#8221; button_one_bg_color__hover_enabled=&#8221;off&#8221; button_one_bg_enable_color__hover=&#8221;on&#8221; button_one_icon_color__hover_enabled=&#8221;on|hover&#8221; button_one_icon_color__hover=&#8221;#ffffff&#8221; button_one_text_size__hover_enabled=&#8221;off&#8221; button_one_border_width__hover_enabled=&#8221;off&#8221; button_one_border_color__hover_enabled=&#8221;off&#8221; button_one_border_radius__hover_enabled=&#8221;off&#8221; button_one_letter_spacing__hover_enabled=&#8221;off&#8221; button_two_text_size__hover_enabled=&#8221;off&#8221; button_two_border_width__hover_enabled=&#8221;off&#8221; button_two_border_radius__hover_enabled=&#8221;off&#8221; button_two_letter_spacing__hover_enabled=&#8221;off&#8221;]<\/p>\n<p style=\"text-align: center;\"><span style=\"font-family: Teko; font-weight: normal;\"><br \/> <\/span><\/p>\n<p>[\/et_pb_fullwidth_header][\/et_pb_section][et_pb_section fb_built=&#8221;1&#8243; admin_label=&#8221;Features&#8221; _builder_version=&#8221;3.22&#8243; custom_padding=&#8221;3px||4px|||&#8221;][et_pb_row _builder_version=&#8221;4.0.5&#8243; custom_margin=&#8221;||||false|false&#8221; custom_padding=&#8221;||||false|false&#8221;][et_pb_column type=&#8221;4_4&#8243; _builder_version=&#8221;3.25&#8243; custom_padding=&#8221;|||&#8221; custom_padding__hover=&#8221;|||&#8221;][et_pb_text admin_label=&#8221;Title&#8221; _builder_version=&#8221;4.0.5&#8243; text_font_size=&#8221;18px&#8221; text_line_height=&#8221;1.8em&#8221; header_font=&#8221;Teko||||||||&#8221; header_2_font=&#8221;Teko||||||||&#8221; header_2_font_size=&#8221;36px&#8221; header_3_font=&#8221;Teko||||||||&#8221; header_3_font_size=&#8221;40px&#8221; header_3_line_height=&#8221;1.2em&#8221; custom_margin=&#8221;||||false|false&#8221; border_color_all=&#8221;rgba(51,51,51,0.12)&#8221; border_width_bottom=&#8221;1px&#8221; inline_fonts=&#8221;Teko&#8221;]<\/p>\n<h2>Angebotene Leistungen<\/h2>\n<p>[\/et_pb_text][\/et_pb_column][\/et_pb_row][et_pb_row _builder_version=&#8221;4.0.5&#8243; custom_padding=&#8221;||||false|false&#8221;][et_pb_column type=&#8221;4_4&#8243; _builder_version=&#8221;4.0.3&#8243;][et_pb_text _builder_version=&#8221;4.0.5&#8243; inline_fonts=&#8221;Teko,Alegreya&#8221;]<\/p>\n<p style=\"text-align: left;\"><span style=\"font-family: Alegreya; font-weight: normal;\">&#8211; Beratung hinsichtlich der Konfiguration eines Neufahrzeuges (Kauf\/Leasing)<br \/> <\/span><\/p>\n<p style=\"text-align: left;\"><span style=\"font-family: Alegreya; font-weight: normal;\">&#8211; Unterst\u00fctzung bei der Suche nach einem Gebrauchtfahrzeug (Kauf\/Leasing)<br \/> <\/span><\/p>\n<p>[\/et_pb_text][\/et_pb_column][\/et_pb_row][\/et_pb_section][et_pb_section fb_built=&#8221;1&#8243; admin_label=&#8221;Features&#8221; _builder_version=&#8221;4.0.5&#8243; custom_padding=&#8221;||||false|false&#8221;][et_pb_row _builder_version=&#8221;3.25&#8243; custom_margin=&#8221;-5px|auto||auto||&#8221; custom_padding=&#8221;2px|||||&#8221;][et_pb_column type=&#8221;4_4&#8243; _builder_version=&#8221;3.25&#8243; custom_padding=&#8221;|||&#8221; custom_padding__hover=&#8221;|||&#8221;][et_pb_text admin_label=&#8221;Title&#8221; _builder_version=&#8221;4.0.5&#8243; text_font_size=&#8221;18px&#8221; text_line_height=&#8221;1.8em&#8221; header_font=&#8221;Teko||||||||&#8221; header_2_font=&#8221;Teko||||||||&#8221; header_2_font_size=&#8221;36px&#8221; header_3_font=&#8221;Teko||||||||&#8221; header_3_font_size=&#8221;40px&#8221; header_3_line_height=&#8221;1.2em&#8221; custom_margin=&#8221;||||false|false&#8221; border_color_all=&#8221;rgba(51,51,51,0.12)&#8221; border_width_bottom=&#8221;1px&#8221; inline_fonts=&#8221;Teko&#8221;]<\/p>\n<h2><span style=\"font-family: Teko;\">Wie funktionierts?<\/span><\/h2>\n<p>[\/et_pb_text][\/et_pb_column][\/et_pb_row][et_pb_row _builder_version=&#8221;4.0.5&#8243; custom_margin=&#8221;||||false|false&#8221; custom_padding=&#8221;||||false|false&#8221;][et_pb_column type=&#8221;4_4&#8243; _builder_version=&#8221;4.0.3&#8243;][et_pb_text _builder_version=&#8221;4.0.5&#8243; custom_margin=&#8221;||||false|false&#8221; custom_padding=&#8221;||||false|false&#8221; inline_fonts=&#8221;Teko,Alegreya&#8221;]<\/p>\n<p><span style=\"font-family: Alegreya; font-weight: normal;\">Diese Website besch\u00e4ftigt sich mit der Beratung zum Thema Fahrzeuge. Besonders wichtig ist es mir zu betonen, dass ich sehr gro\u00dfen Wert auf eine pers\u00f6nliche und faire Beratung lege. Ich berate zudem vollst\u00e4ndig unabh\u00e4ngig und individuell nach Ihren W\u00fcnschen.<\/span><\/p>\n<p><span style=\"font-family: Alegreya; font-weight: normal;\">Vielen Dank f\u00fcr Ihr Interesse an meiner Beratung!<\/span><\/p>\n<p><span style=\"font-family: Alegreya; font-weight: normal;\">Der erste Schritt zur Beratung wird gestartet, indem Sie bitte folgendes Formular f\u00fcllen: (Hierdurch entstehen Ihnen keine Kosten, diese fallen erst bei einer Inanspruchnahme der Beratung an)<br \/> <\/span><\/p>\n<p>[\/et_pb_text][\/et_pb_column][\/et_pb_row][\/et_pb_section][et_pb_section fb_built=&#8221;1&#8243; admin_label=&#8221;Related Listings&#8221; _builder_version=&#8221;3.22&#8243; custom_padding=&#8221;9px|0px|9px|0px|true|false&#8221; locked=&#8221;off&#8221;][et_pb_row _builder_version=&#8221;4.0.3&#8243; custom_margin=&#8221;-18px|auto||auto||&#8221;][et_pb_column type=&#8221;4_4&#8243; _builder_version=&#8221;4.0.3&#8243;][et_pb_contact_form email=&#8221;info@fahrzeugberatung.online&#8221; success_message=&#8221;Vielen Dank f\u00fcr Ihr Interesse an einer Beratung!&#8221; submit_button_text=&#8221;Absenden&#8221; _builder_version=&#8221;4.0.5&#8243; title_font=&#8221;PT Serif||||||||&#8221; captcha_font=&#8221;Teko||||||||&#8221; form_field_font=&#8221;PT Serif|600|||||||&#8221; background_color=&#8221;rgba(0,0,0,0)&#8221; custom_margin=&#8221;||||false|false&#8221; border_radii=&#8221;on|6px|6px|6px|6px&#8221; box_shadow_style=&#8221;preset1&#8243; box_shadow_blur=&#8221;6px&#8221; box_shadow_spread=&#8221;1px&#8221;][et_pb_contact_field field_id=&#8221;Name&#8221; field_title=&#8221;Name&#8221; _builder_version=&#8221;3.16&#8243; button_text_size__hover_enabled=&#8221;off&#8221; button_one_text_size__hover_enabled=&#8221;off&#8221; button_two_text_size__hover_enabled=&#8221;off&#8221; button_text_color__hover_enabled=&#8221;off&#8221; button_one_text_color__hover_enabled=&#8221;off&#8221; button_two_text_color__hover_enabled=&#8221;off&#8221; button_border_width__hover_enabled=&#8221;off&#8221; button_one_border_width__hover_enabled=&#8221;off&#8221; button_two_border_width__hover_enabled=&#8221;off&#8221; button_border_color__hover_enabled=&#8221;off&#8221; button_one_border_color__hover_enabled=&#8221;off&#8221; button_two_border_color__hover_enabled=&#8221;off&#8221; button_border_radius__hover_enabled=&#8221;off&#8221; button_one_border_radius__hover_enabled=&#8221;off&#8221; button_two_border_radius__hover_enabled=&#8221;off&#8221; button_letter_spacing__hover_enabled=&#8221;off&#8221; button_one_letter_spacing__hover_enabled=&#8221;off&#8221; button_two_letter_spacing__hover_enabled=&#8221;off&#8221; button_bg_color__hover_enabled=&#8221;off&#8221; button_one_bg_color__hover_enabled=&#8221;off&#8221; button_two_bg_color__hover_enabled=&#8221;off&#8221;][\/et_pb_contact_field][et_pb_contact_field field_id=&#8221;Email&#8221; field_title=&#8221;Email&#8221; field_type=&#8221;email&#8221; _builder_version=&#8221;4.0.3&#8243; button_text_size__hover_enabled=&#8221;off&#8221; button_one_text_size__hover_enabled=&#8221;off&#8221; button_two_text_size__hover_enabled=&#8221;off&#8221; button_text_color__hover_enabled=&#8221;off&#8221; button_one_text_color__hover_enabled=&#8221;off&#8221; button_two_text_color__hover_enabled=&#8221;off&#8221; button_border_width__hover_enabled=&#8221;off&#8221; button_one_border_width__hover_enabled=&#8221;off&#8221; button_two_border_width__hover_enabled=&#8221;off&#8221; button_border_color__hover_enabled=&#8221;off&#8221; button_one_border_color__hover_enabled=&#8221;off&#8221; button_two_border_color__hover_enabled=&#8221;off&#8221; button_border_radius__hover_enabled=&#8221;off&#8221; button_one_border_radius__hover_enabled=&#8221;off&#8221; button_two_border_radius__hover_enabled=&#8221;off&#8221; button_letter_spacing__hover_enabled=&#8221;off&#8221; button_one_letter_spacing__hover_enabled=&#8221;off&#8221; button_two_letter_spacing__hover_enabled=&#8221;off&#8221; button_bg_color__hover_enabled=&#8221;off&#8221; button_one_bg_color__hover_enabled=&#8221;off&#8221; button_two_bg_color__hover_enabled=&#8221;off&#8221;][\/et_pb_contact_field][et_pb_contact_field field_id=&#8221;Dropdown&#8221; field_title=&#8221;Auswahl der gew\u00fcnschten Beratung&#8221; field_type=&#8221;select&#8221; select_options=&#8221;%91{%22value%22:%22Konfiguration Neufahrzeug%22,%22checked%22:0,%22dragID%22:-1},{%22value%22:%22Auswahl Gebrauchtfahrzeug%22,%22checked%22:0,%22dragID%22:0}%93&#8243; _builder_version=&#8221;4.0.3&#8243;][\/et_pb_contact_field][et_pb_contact_field field_id=&#8221;Budget&#8221; field_title=&#8221;Budget in Euro&#8221; allowed_symbols=&#8221;numbers&#8221; _builder_version=&#8221;4.0.3&#8243;][\/et_pb_contact_field][et_pb_contact_field field_id=&#8221;Message&#8221; field_title=&#8221;Nachricht&#8221; field_type=&#8221;text&#8221; fullwidth_field=&#8221;on&#8221; _builder_version=&#8221;4.0.3&#8243; button_text_size__hover_enabled=&#8221;off&#8221; button_one_text_size__hover_enabled=&#8221;off&#8221; button_two_text_size__hover_enabled=&#8221;off&#8221; button_text_color__hover_enabled=&#8221;off&#8221; button_one_text_color__hover_enabled=&#8221;off&#8221; button_two_text_color__hover_enabled=&#8221;off&#8221; button_border_width__hover_enabled=&#8221;off&#8221; button_one_border_width__hover_enabled=&#8221;off&#8221; button_two_border_width__hover_enabled=&#8221;off&#8221; button_border_color__hover_enabled=&#8221;off&#8221; button_one_border_color__hover_enabled=&#8221;off&#8221; button_two_border_color__hover_enabled=&#8221;off&#8221; button_border_radius__hover_enabled=&#8221;off&#8221; button_one_border_radius__hover_enabled=&#8221;off&#8221; button_two_border_radius__hover_enabled=&#8221;off&#8221; button_letter_spacing__hover_enabled=&#8221;off&#8221; button_one_letter_spacing__hover_enabled=&#8221;off&#8221; button_two_letter_spacing__hover_enabled=&#8221;off&#8221; button_bg_color__hover_enabled=&#8221;off&#8221; button_one_bg_color__hover_enabled=&#8221;off&#8221; button_two_bg_color__hover_enabled=&#8221;off&#8221;][\/et_pb_contact_field][et_pb_contact_field field_id=&#8221;Datenschutzeinverst\u00e4ndnis&#8221; field_title=&#8221;Datenschutz&#8221; field_type=&#8221;checkbox&#8221; checkbox_options=&#8221;%91{%22value%22:%22Ich best\u00e4tige hiermit, dass ich mit der Verarbeitung meiner Daten gem\u00e4\u00df der Datenschutzerkl\u00e4rung von Fahrzeugberatung.Online einverstanden bin%22,%22checked%22:0,%22dragID%22:-1}%93&#8243; fullwidth_field=&#8221;on&#8221; _builder_version=&#8221;4.0.3&#8243; text_orientation=&#8221;left&#8221;][\/et_pb_contact_field][\/et_pb_contact_form][\/et_pb_column][\/et_pb_row][\/et_pb_section]<\/p>\n","protected":false},"excerpt":{"rendered":"<p>Angebotene Leistungen- Beratung hinsichtlich der Konfiguration eines Neufahrzeuges (Kauf\/Leasing) &#8211; Unterst\u00fctzung bei der Suche nach einem Gebrauchtfahrzeug (Kauf\/Leasing) Wie funktionierts?Diese Website besch\u00e4ftigt sich mit der Beratung zum Thema Fahrzeuge. Besonders wichtig ist es mir zu betonen, dass ich sehr gro\u00dfen Wert auf eine pers\u00f6nliche und faire Beratung lege. Ich berate zudem vollst\u00e4ndig unabh\u00e4ngig und individuell [&#8230;]<\/p>\n","protected":false},"author":1,"featured_media":0,"parent":0,"menu_order":0,"comment_status":"closed","ping_status":"closed","template":"","meta":{"_et_pb_use_builder":"on","_et_pb_old_content":"","_et_gb_content_width":"","footnotes":""},"class_list":["post-78","page","type-page","status-publish","hentry"],"_links":{"self":[{"href":"https:\/\/fahrzeugberatung.online\/index.php\/wp-json\/wp\/v2\/pages\/78","targetHints":{"allow":["GET"]}}],"collection":[{"href":"https:\/\/fahrzeugberatung.online\/index.php\/wp-json\/wp\/v2\/pages"}],"about":[{"href":"https:\/\/fahrzeugberatung.online\/index.php\/wp-json\/wp\/v2\/types\/page"}],"author":[{"embeddable":true,"href":"https:\/\/fahrzeugberatung.online\/index.php\/wp-json\/wp\/v2\/users\/1"}],"replies":[{"embeddable":true,"href":"https:\/\/fahrzeugberatung.online\/index.php\/wp-json\/wp\/v2\/comments?post=78"}],"version-history":[{"count":28,"href":"https:\/\/fahrzeugberatung.online\/index.php\/wp-json\/wp\/v2\/pages\/78\/revisions"}],"predecessor-version":[{"id":317,"href":"https:\/\/fahrzeugberatung.online\/index.php\/wp-json\/wp\/v2\/pages\/78\/revisions\/317"}],"wp:attachment":[{"href":"https:\/\/fahrzeugberatung.online\/index.php\/wp-json\/wp\/v2\/media?parent=78"}],"curies":[{"name":"wp","href":"https:\/\/api.w.org\/{rel}","templated":true}]}}