{"id":94,"date":"2019-10-25T13:50:53","date_gmt":"2019-10-25T13:50:53","guid":{"rendered":"https:\/\/fahrzeugberatung.online\/?page_id=94"},"modified":"2019-12-31T08:59:57","modified_gmt":"2019-12-31T08:59:57","slug":"beratung","status":"publish","type":"page","link":"https:\/\/fahrzeugberatung.online\/index.php\/beratung\/","title":{"rendered":"Preise"},"content":{"rendered":"<p>[et_pb_section fb_built=&#8221;1&#8243; _builder_version=&#8221;4.0.5&#8243; custom_padding=&#8221;||||false|false&#8221;][et_pb_row _builder_version=&#8221;4.0.5&#8243; custom_padding=&#8221;||||false|false&#8221;][et_pb_column type=&#8221;4_4&#8243; _builder_version=&#8221;4.0.5&#8243;][et_pb_text _builder_version=&#8221;4.0.5&#8243; header_2_font=&#8221;Teko||||||||&#8221; custom_margin=&#8221;||||false|false&#8221; custom_padding=&#8221;||||false|false&#8221;]<\/p>\n<h2>Preis\u00fcbersicht<\/h2>\n<h2>Beratung<\/h2>\n<p>1 % vom Bruttofahrzeugwert, mindestens aber 50\u20ac pro Beratungsfall (deckt Aufw\u00e4nde, wie z. B. Telefonate, E-Mail etc. ab)<\/p>\n<p>&nbsp;<\/p>\n<h2>zus\u00e4tzliche Dienstleistungen<\/h2>\n<p>gern jederzeit und individuell auf Anfrage (Kalkulation nach Aufwand)<\/p>\n<p>dazu geh\u00f6ren z. B. Besichtigung oder Preisverhandlung vor Ort<\/p>\n<p>[\/et_pb_text][\/et_pb_column][\/et_pb_row][\/et_pb_section]<\/p>\n","protected":false},"excerpt":{"rendered":"<p>Preis\u00fcbersicht Beratung 1 % vom Bruttofahrzeugwert, mindestens aber 50\u20ac pro Beratungsfall (deckt Aufw\u00e4nde, wie z. B. Telefonate, E-Mail etc. ab) &nbsp; zus\u00e4tzliche Dienstleistungen gern jederzeit und individuell auf Anfrage (Kalkulation nach Aufwand) dazu geh\u00f6ren z. B. Besichtigung oder Preisverhandlung vor Ort<\/p>\n","protected":false},"author":1,"featured_media":0,"parent":0,"menu_order":0,"comment_status":"closed","ping_status":"closed","template":"","meta":{"_et_pb_use_builder":"on","_et_pb_old_content":"","_et_gb_content_width":"","footnotes":""},"class_list":["post-94","page","type-page","status-publish","hentry"],"_links":{"self":[{"href":"https:\/\/fahrzeugberatung.online\/index.php\/wp-json\/wp\/v2\/pages\/94","targetHints":{"allow":["GET"]}}],"collection":[{"href":"https:\/\/fahrzeugberatung.online\/index.php\/wp-json\/wp\/v2\/pages"}],"about":[{"href":"https:\/\/fahrzeugberatung.online\/index.php\/wp-json\/wp\/v2\/types\/page"}],"author":[{"embeddable":true,"href":"https:\/\/fahrzeugberatung.online\/index.php\/wp-json\/wp\/v2\/users\/1"}],"replies":[{"embeddable":true,"href":"https:\/\/fahrzeugberatung.online\/index.php\/wp-json\/wp\/v2\/comments?post=94"}],"version-history":[{"count":11,"href":"https:\/\/fahrzeugberatung.online\/index.php\/wp-json\/wp\/v2\/pages\/94\/revisions"}],"predecessor-version":[{"id":315,"href":"https:\/\/fahrzeugberatung.online\/index.php\/wp-json\/wp\/v2\/pages\/94\/revisions\/315"}],"wp:attachment":[{"href":"https:\/\/fahrzeugberatung.online\/index.php\/wp-json\/wp\/v2\/media?parent=94"}],"curies":[{"name":"wp","href":"https:\/\/api.w.org\/{rel}","templated":true}]}}